{"id":359,"date":"2022-10-03T09:32:30","date_gmt":"2022-10-03T09:32:30","guid":{"rendered":"https:\/\/arranosafety.com\/index.php\/tuzvedelem-2\/"},"modified":"2022-10-03T09:32:36","modified_gmt":"2022-10-03T09:32:36","slug":"tuzvedelem-2","status":"publish","type":"page","link":"https:\/\/arranosafety.com\/index.php\/tuzvedelem-2\/","title":{"rendered":"T\u0171zv\u00e9delem"},"content":{"rendered":"\n   \n    <section class=\"u-clearfix u-section-1\" id=\"sec-f02f\">\n      <div class=\"u-clearfix u-sheet u-sheet-1\">\n        <div class=\"u-clearfix u-expanded-width u-gutter-20 u-layout-wrap u-layout-wrap-1\">\n          <div class=\"u-gutter-0 u-layout\">\n            <div class=\"u-layout-row\">\n              <div class=\"u-size-30\">\n                <div class=\"u-layout-col\">\n                  <div class=\"u-align-left u-container-style u-image u-layout-cell u-left-cell u-size-60 u-image-1\" src=\"\" data-image-width=\"509\" data-image-height=\"339\" style=\"background-image: url(&quot;http:\/\/arranosafety.com\/wp-content\/uploads\/2022\/10\/tuz.jpg&quot;);\">\n                    <div class=\"u-container-layout u-container-layout-1\" src=\"\"><\/div>\n                  <\/div>\n                <\/div>\n              <\/div>\n              <div class=\"u-size-30\">\n                <div class=\"u-layout-col\">\n                  <div class=\"u-align-left u-container-style u-layout-cell u-right-cell u-size-24 u-layout-cell-2\">\n                    <div class=\"u-container-layout u-container-layout-2\">\n                      <h1 class=\"u-text u-text-1\" data-lang-en=\"T\u0171zv\u00e9delem\">T\u0171zv\u00e9delem<\/h1>\n                      <div class=\"u-border-3 u-border-palette-1-base u-line u-line-horizontal u-line-1\"><\/div>\n                    <\/div>\n                  <\/div>\n                  <div class=\"u-align-left u-container-style u-layout-cell u-right-cell u-size-36 u-layout-cell-3\">\n                    <div class=\"u-container-layout\">\n                      <img alt=\"\" class=\"u-align-left u-image u-image-2\" data-image-width=\"508\" data-image-height=\"339\" src=\"http:\/\/arranosafety.com\/wp-content\/uploads\/2022\/10\/tuz2.jpg\">\n                      <img alt=\"\" class=\"u-align-left u-border-8 u-border-grey-10 u-image u-image-3\" data-image-width=\"509\" data-image-height=\"339\" src=\"http:\/\/arranosafety.com\/wp-content\/uploads\/2022\/10\/tuz3.jpg?rand=3106\">\n                    <\/div>\n                  <\/div>\n                <\/div>\n              <\/div>\n            <\/div>\n          <\/div>\n        <\/div>\n      <\/div>\n    <\/section>\n    <section class=\"u-align-center u-clearfix u-grey-5 u-section-2\" id=\"sec-e1d5\">\n      <div class=\"u-clearfix u-sheet u-sheet-1\">\n        <div class=\"u-accordion u-spacing-10 u-accordion-1\">\n          <div class=\"u-accordion-item\">\n            <a class=\"active u-accordion-link u-active-palette-1-base u-button-style u-hover-palette-1-light-1 u-palette-1-light-1 u-radius-14 u-accordion-link-1\" id=\"link-accordion-4c47\" aria-controls=\"accordion-4c47\" aria-selected=\"true\">\n              <span class=\"u-accordion-link-text\">T\u0171zv\u00e9delmi megb\u00edzotti szolg\u00e1ltat\u00e1s<\/span><span class=\"u-accordion-link-icon u-icon u-text-white u-icon-1\"><svg class=\"u-svg-link\" preserveAspectRatio=\"xMidYMin slice\" viewBox=\"0 0 42 42\" style=\"\"><use xmlns:xlink=\"http:\/\/www.w3.org\/1999\/xlink\" xlink:href=\"#svg-f2c3\"><\/use><\/svg><svg class=\"u-svg-content\" viewBox=\"0 0 42 42\" x=\"0px\" y=\"0px\" id=\"svg-f2c3\" style=\"enable-background:new 0 0 42 42;\"><polygon points=\"42,20 22,20 22,0 20,0 20,20 0,20 0,22 20,22 20,42 22,42 22,22 42,22 \"><\/polygon><\/svg><\/span>\n            <\/a>\n            <div class=\"u-accordion-active u-accordion-pane u-container-style u-shape-rectangle u-accordion-pane-1\" id=\"accordion-4c47\" aria-labelledby=\"link-accordion-4c47\">\n              <div class=\"u-container-layout u-valign-top u-container-layout-1\">\n                <h6 class=\"u-custom-font u-font-arial u-text u-text-default u-text-1\"> 9\/2015. (III. 25.) BM rendelet a hivata\u0301sos katasztro\u0301fave\u0301delmi szervekne\u0301l, az o\u0308nkorma\u0301nyzati e\u0301s\nle\u0301tesi\u0301tme\u0301nyi tu\u030bzolto\u0301sa\u0301gokna\u0301l, az o\u0308nke\u0301ntes tu\u030bzolto\u0301 egyesu\u0308letekne\u0301l, valamint az ez ira\u0301nyu\u0301\nszaka\u0301gazatokban foglalkoztatottak szakmai ke\u0301pesi\u0301te\u0301si ko\u0308vetelme\u0301nyeiro\u030bl e\u0301s szakmai ke\u0301pze\u0301seiro\u030bl.<br>\n                  <br>\n                  <span style=\"font-weight: 700;\">7. \u00a7 (<\/span>1) A gazda\u0301lkodo\u0301 szervezetekne\u0301l tu\u030bzve\u0301delmi szaka\u0301gazatban foglalkoztatottak ko\u0308zu\u0308l legala\u0301bb\nko\u0308ze\u0301pszintu\u030b tu\u030bzve\u0301delmi szakke\u0301pesi\u0301te\u0301ssel rendelkezo\u030b szeme\u0301lyt minimum havi 8 o\u0301ra\u0301ban kell\nfoglalkoztatni vagy megbi\u0301zni abban az esetben, ha:&nbsp;&nbsp;<br>\n                  <br>a) <span style=\"font-style: italic;\">a gazda\u0301lkodo\u0301 szervezet fokozottan tu\u030bz- vagy robbana\u0301svesze\u0301lyes oszta\u0301lyba tartozo\u0301 anyagot a\u0301lli\u0301t\nelo\u030b, dolgoz fel, ta\u0301rol e\u0301s az egy telephelyen elo\u030ba\u0301lli\u0301tott, feldolgozott, ta\u0301rolt anyag egyu\u0308ttes, egyideju\u030b\nmennyise\u0301ge meghaladja az 1000 kg-ot vagy 1000 litert, de legfeljebb 5000 kg vagy 5000 liter,\nkive\u0301ve az u\u0308zemanyagto\u0308lto\u030b a\u0301lloma\u0301st u\u0308zemelteto\u030b gazda\u0301lkodo\u0301 szervezetet,&nbsp;<\/span>&nbsp;<br>\n                  <br>b) <span style=\"font-style: italic;\">a gazda\u0301lkodo\u0301 szervezet me\u0301rse\u0301kelten tu\u030bzvesze\u0301lyes oszta\u0301lyba tartozo\u0301 anyagot, terme\u0301ket ta\u0301rol e\u0301s az\negy telephelyen a szabadte\u0301ri e\u0301s az e\u0301pu\u0308leten belu\u0308li ta\u0301rola\u0301sra szolga\u0301lo\u0301, o\u0308sszesi\u0301tett alapteru\u0308let\nmeghaladja az 1000 m2-t, de legfeljebb 10 000 m2, vagy<\/span>&nbsp;<br>\n                  <br>c) <span style=\"font-style: italic;\">a gazda\u0301lkodo\u0301 szervezet olyan e\u0301pu\u0308letre\u0301szt, e\u0301pu\u0308letet u\u0308zemeltet, vagy be\u0301rel,&nbsp;<\/span>\n                  <br>\n                  <br>ca) <span style=\"font-style: italic;\">amelyben to\u0308megtarto\u0301zkoda\u0301sra szolga\u0301lo\u0301, de legfeljebb 500 fo\u030b befogado\u0301ke\u0301pesse\u0301gu\u030b helyise\u0301g tala\u0301lhato\u0301,&nbsp;<\/span>\n                  <br>cb) <span style=\"font-style: italic;\">amely o\u0308sszesi\u0301tett befogado\u0301ke\u0301pesse\u0301ge meghaladja az 500 fo\u030bt, de legfeljebb 2000 fo\u030b, vagy&nbsp;<\/span>\n                  <br>cc) <span style=\"font-style: italic;\">amelyben meneku\u0308le\u0301sben korla\u0301tozott szeme\u0301lyek elhelyeze\u0301se, ella\u0301ta\u0301sa, kezele\u0301se, nevele\u0301se, oktata\u0301sa, gondoza\u0301sa to\u0308rte\u0301nik e\u0301s e szeme\u0301lyek egyideju\u030b le\u0301tsza\u0301ma meghaladja a 20 fo\u030bt, de legfeljebb 100 fo\u030b.&nbsp;<\/span>\n                  <br>\n                  <br>(2) A gazda\u0301lkodo\u0301 szervezetekne\u0301l tu\u030bzve\u0301delmi szaka\u0301gazatban foglalkoztatottak ko\u0308zu\u0308l felso\u030bszintu\u030b tu\u030bzve\u0301delmi szakke\u0301pesi\u0301te\u0301ssel rendelkezo\u030b szeme\u0301lyt kell foglalkoztatni vagy megbi\u0301zni abban az esetben, ha:<br>\n                  <br>a) <span style=\"font-style: italic;\">a gazda\u0301lkodo\u0301 szervezet fo\u030bfoglalkoza\u0301su\u0301 le\u0301tesi\u0301tme\u0301nyi tu\u030bzolto\u0301sa\u0301g mu\u030bko\u0308dtete\u0301se\u0301re ko\u0308telezett,&nbsp;<\/span>\n                  <br>\n                  <br>b) <span style=\"font-style: italic;\">a gazda\u0301lkodo\u0301 szervezet fokozottan tu\u030bz- vagy robbana\u0301svesze\u0301lyes oszta\u0301lyba tartozo\u0301 anyagot a\u0301lli\u0301t\nelo\u030b, dolgoz fel, ta\u0301rol e\u0301s az egy telephelyen elo\u030ba\u0301lli\u0301tott, feldolgozott, ta\u0301rolt anyag egyu\u0308ttes, egyideju\u030b\nmennyise\u0301ge meghaladja az 5000 kg vagy 5000 liter mennyise\u0301get, kive\u0301ve az u\u0308zemanyagto\u0308lto\u030b\na\u0301lloma\u0301st u\u0308zemelteto\u030b gazda\u0301lkodo\u0301 szervezetet,&nbsp;<\/span>\n                  <br>\n                  <br>c) <span style=\"font-style: italic;\">a gazda\u0301lkodo\u0301 szervezet me\u0301rse\u0301kelten tu\u030bzvesze\u0301lyes oszta\u0301lyba tartozo\u0301 anyagot, terme\u0301ket ta\u0301rol e\u0301s az\negy telephelyen a szabadte\u0301ri e\u0301s az e\u0301pu\u0308leten belu\u0308li ta\u0301rola\u0301sra szolga\u0301lo\u0301, o\u0308sszesi\u0301tett alapteru\u0308let\nmeghaladja a&nbsp; &nbsp; 10 000 m2-t, vagy&nbsp;<\/span>\n                  <br>\n                  <br>d) a gazda\u0301lkodo\u0301 szervezet olyan e\u0301pu\u0308letre\u0301szt, e\u0301pu\u0308letet u\u0308zemeltet, vagy be\u0301rel, <br>\n                  <br>da) <span style=\"font-style: italic;\">amelyben 500 fo\u030bt meghalado\u0301 befogado\u0301ke\u0301pesse\u0301gu\u030b helyise\u0301g tala\u0301lhato\u0301,&nbsp;<\/span>\n                  <br>\n                  <span style=\"font-style: italic;\">d<\/span>\n                  <span style=\"font-style: italic;\">b) amely o\u0308sszesi\u0301tett&nbsp;<\/span>\n                  <span style=\"font-style: italic;\">befogado\u0301ke\u0301pesse\u0301ge meghaladja a 2000 fo\u030bt, vagy&nbsp;<\/span>\n                  <br>\n                  <span style=\"font-style: italic;\">dc) amelyben meneku\u0308le\u0301sben korla\u0301tozott&nbsp;<\/span>\n                  <span style=\"font-style: italic;\">szeme\u0301lyek elhelyeze\u0301se, ella\u0301ta\u0301sa, kezele\u0301se, nevele\u0301se,\noktata\u0301sa, gondoza\u0301sa to\u0308rte\u0301nik e\u0301s e&nbsp;szeme\u0301lyek egyideju\u030b le\u0301tsza\u0301ma meghaladja a 100 fo\u030bt.<\/span>\n                  <br>\n                  <br>\n                  <span style=\"font-weight: 700;\">Ha o\u0308nnek szu\u0308kse\u0301ge van tu\u030bzve\u0301delmi elo\u030bado\u0301 (ko\u0308ze\u0301pszintu\u030b) vagy aka\u0301r tu\u030bzve\u0301delmi fo\u030belo\u030bado\u0301 (felso\u030b szintu\u030b)\nsegi\u0301tse\u0301ge\u0301re, ke\u0301rje az Arrano Kft. aja\u0301nlata\u0301t!&nbsp;<\/span>\n                <\/h6>\n              <\/div>\n            <\/div>\n          <\/div>\n          <div class=\"u-accordion-item u-accordion-item-2\">\n            <a class=\"u-accordion-link u-active-palette-1-base u-button-style u-hover-palette-1-light-1 u-palette-1-light-1 u-radius-14 u-accordion-link-2\" id=\"link-92b2\" aria-controls=\"92b2\" aria-selected=\"false\">\n              <span class=\"u-accordion-link-text\" style=\"\">T\u0171zv\u00e9delmi dokumentumok<\/span><span class=\"u-accordion-link-icon u-file-icon u-icon u-text-white u-icon-2\"><img src=\"http:\/\/arranosafety.com\/wp-content\/uploads\/2022\/10\/576dfa1e.png\" alt=\"\"><\/span>\n            <\/a>\n            <div class=\"u-accordion-pane u-container-style u-shape-rectangle u-accordion-pane-2\" id=\"92b2\" aria-labelledby=\"link-92b2\">\n              <div class=\"u-container-layout u-container-layout-2\">\n                <ul class=\"u-align-left u-text u-text-default u-text-2\">\n                  <li>T\u0171zv\u00e9delmi \u00fczemeltet\u00e9si napl\u00f3<\/li>\n                  <li>T\u0171zv\u00e9delmi oktat\u00e1si tematik\u00e1k, oktat\u00e1si nyilatkozatok<\/li>\n                  <li>\u00c9rint\u00e9sv\u00e9delmi, vill\u00e1mv\u00e9delmi vizsg\u00e1latok dokumentumai<\/li>\n                  <li>T\u0171zv\u00e9delmi szabv\u00e1nyoss\u00e1gi fel\u00fclvizsg\u00e1lat dokumentumai<\/li>\n                  <li>T\u0171zolt\u00e1si \u00e9s t\u0171zriad\u00f3 gyakorlatok jegyz\u0151k\u00f6nyvei<\/li>\n                  <li>Kaz\u00e1nok, kaz\u00e1nk\u00e9m\u00e9nyek vizsg\u00e1lati anyagai<\/li>\n                  <li>Hegeszt\u0151k\u00e9sz\u00fcl\u00e9kek fel\u00fclvizsg\u00e1lati dokumentumai<\/li>\n                  <li>K\u00e9pzetts\u00e9gek nyilv\u00e1ntart\u00e1sa<\/li>\n                <\/ul>\n                <h6 class=\"u-align-justify u-custom-font u-font-arial u-text u-text-3\">\n                  <span style=\"font-weight: 700;\"> TVT 19. \u00a7<\/span> (1) A gazda\u0301lkodo\u0301 teve\u0301kenyse\u0301get folytato\u0301 maga\u0301nszeme\u0301lyeknek, a jogi szeme\u0301lyeknek<span style=\"font-weight: 700;\"> tu\u030bzve\u0301delmi szaba\u0301lyzatot<\/span> kell ke\u0301szi\u0301teniu\u0308k, ha<br>\n                  <br>a) <span style=\"font-style: italic;\">a munkave\u0301gze\u0301sben re\u0301szt vevo\u030b csala\u0301dtagokkal egyu\u0308tt o\u0308tne\u0301l to\u0308bb munkava\u0301llalo\u0301t foglalkoztatnak,<br>&nbsp;\n                  <\/span>\n                  <br>b) <span style=\"font-style: italic;\">az a\u0301ltaluk u\u0308zemeltetett, be\u0301relt e\u0301pu\u0308letre\u0301sz, e\u0301pu\u0308let teru\u0308lete\u0301n tala\u0301lhato\u0301 olyan helyise\u0301g, amelynek a\nlegnagyobb befogado\u0301ke\u0301pesse\u0301ge meghaladja az 50 fo\u030bt, vagy&nbsp;<\/span>\n                  <br>\n                  <br>c) <span style=\"font-style: italic;\">kereskedelmi sza\u0301lla\u0301shelyet u\u0308zemeltetnek.\n\t\t\t\t\t(2) Az (1) bekezde\u0301sben felsoroltak ko\u0308telesek gondoskodni arro\u0301l, hogy munkava\u0301llalo\u0301ik, a\nmunkave\u0301gze\u0301sben re\u0301szt vevo\u030b csala\u0301dtagjaik a jogszaba\u0301lyokban meghata\u0301rozott tu\u030bzve\u0301delmi elo\u030bi\u0301ra\u0301sok\nszerint ve\u0301gezze\u0301k a teve\u0301kenyse\u0301gu\u0308ket, valamint a tu\u030bzve\u0301delmi szaba\u0301lyzatban foglaltakat megismerje\u0301k\ne\u0301s betartsa\u0301k.<\/span>\n                  <br>&nbsp;<br>\n                  <span style=\"font-weight: 700;\">30\/1996. (XII. 6.) BM rendelet a tu\u030bzve\u0301delmi szaba\u0301lyzat ke\u0301szi\u0301te\u0301se\u0301ro\u030bl&nbsp;<\/span>\n                  <br>\n                  <br>\n                  <span style=\"font-weight: 700;\">4. \u00a7 (1) *<\/span> A Szaba\u0301lyzat ke\u0301szi\u0301te\u0301se\u0301re ko\u0308telezett a Szaba\u0301lyzat melle\u0301kleteke\u0301nt <span style=\"font-weight: 700;\">Tu\u030bzriado\u0301 Tervet <\/span>ko\u0308teles ke\u0301szi\u0301teni az a\u0301ltala u\u0308zemeltetett, be\u0301relt&nbsp;<br>\n                  <br>a) <span style=\"font-style: italic;\">e\u0301pu\u0308letre\u0301szre, e\u0301pu\u0308letre, ha az&nbsp;<\/span>\n                  <br>\n                  <br>aa)&nbsp;<span style=\"font-style: italic;\">meneku\u0308le\u0301sben korla\u0301tozott szeme\u0301lyek elhelyeze\u0301se\u0301re, ella\u0301ta\u0301sa\u0301ra, kezele\u0301se\u0301re, nevele\u0301se\u0301re,&nbsp; oktata\u0301sa\u0301ra,gondoza\u0301sa\u0301ra szolga\u0301l,&nbsp;<\/span>\n                  <br>ab) <span style=\"font-style: italic;\">oktata\u0301si inte\u0301zme\u0301ny mu\u030bko\u0308de\u0301se\u0301re szolga\u0301l, amelynek megengedett maxima\u0301lis\nbefogado\u0301ke\u0301pesse\u0301ge meghaladja az 50 fo\u030bt<\/span>,&nbsp;<br>ac) <span style=\"font-style: italic;\">to\u0308megtarto\u0301zkoda\u0301s ce\u0301lja\u0301ra szolga\u0301lo\u0301 helyise\u0301ggel rendelkezik, vagy az e\u0301pu\u0308letre\u0301szen, e\u0301pu\u0308leten egyideju\u030bleg 300-na\u0301l to\u0308bb fo\u030b tarto\u0301zkodhat, vagy&nbsp;<\/span>\n                  <br>ad) <span style=\"font-style: italic;\">20-na\u0301l to\u0308bb fe\u0301ro\u030bhellyel rendelkezo\u030b kereskedelmi sza\u0301lla\u0301shellyel rendelkezik,<\/span>\n                  <br>\n                  <br>b) <span style=\"font-style: italic;\">e\u0301pu\u0308letre\u0301szre, e\u0301pu\u0308letre, szabadte\u0301rre, ha az<\/span>\n                  <br>&nbsp;<br>ba)&nbsp;<span style=\"font-style: italic;\">olyan zene\u0301s szo\u0301rakozo\u0301hely mu\u030bko\u0308de\u0301se\u0301re szolga\u0301l, amely megengedett maxima\u0301lis&nbsp; &nbsp; &nbsp; &nbsp; &nbsp; &nbsp; &nbsp; befogado\u0301ke\u0301pesse\u0301ge meghaladja az 50 fo\u030bt, vagy<\/span>\n                  <br>bb)<span style=\"font-style: italic;\"> * 1000 kg vagy 1000 liter mennyise\u0301get meghalado\u0301 fokozottan tu\u030bz- vagy robbana\u0301svesze\u0301lyes&nbsp; &nbsp; <\/span>\n                  <span style=\"font-style: italic;\">oszta\u0301lyba tartozo\u0301 anyag - az u\u0308zemanyagto\u0308lto\u030b a\u0301lloma\u0301sokon a kime\u0301ro\u030b szerkezetekhez kapcsolo\u0301do\u0301&nbsp; &nbsp; <\/span>\n                  <span style=\"font-style: italic;\">technolo\u0301giai tarta\u0301lyokban ta\u0301rolt u\u0308zemanyagot figyelmen ki\u0301vu\u0308l hagyva - elo\u030ba\u0301lli\u0301ta\u0301sa\u0301ra,&nbsp;<\/span>\n                  <span style=\"font-style: italic;\">feldolgoza\u0301sa\u0301ra, ta\u0301rola\u0301sa\u0301ra szolga\u0301l, e\u0301s az anyag robbana\u0301svesze\u0301lyes a\u0301llapotban fordulhat elo\u030b. <\/span>\n                  <br>\n                  <br> A szaba\u0301lyzatok ke\u0301szi\u0301te\u0301se\u0301n ki\u0301vu\u0308l me\u0301g sza\u0301mos dokumentummal kell a gazda\u0301lkodo\u0301 szervezetnek\nrendelkezniu\u0308k: <br>\n                  <br>\n                  <br>&nbsp;&nbsp;<br>\n                  <br>\n                  <br>\n                  <br>\n                  <br>\n                  <br>\n                  <br>\n                  <br>\n                  <br>\n                  <br>\n                  <br>\n                  <span style=\"font-weight: 700;\">\n                    <br>\n                    <br>\n                    <br>Az Arrano Kft. valamennyi te\u0301mako\u0308rben tudja O\u0308nt ta\u0301mogatni!&nbsp;\n                  <\/span>\n                <\/h6>\n              <\/div>\n            <\/div>\n          <\/div>\n        <\/div>\n      <\/div>\n    <\/section>\n    \n    \n    \n  \n","protected":false},"excerpt":{"rendered":"<p>T\u0171zv\u00e9delem T\u0171zv\u00e9delmi megb\u00edzotti szolg\u00e1ltat\u00e1s 9\/2015. (III. 25.) BM rendelet a hivata\u0301sos katasztro\u0301fave\u0301delmi szervekne\u0301l, az o\u0308nkorma\u0301nyzati e\u0301s le\u0301tesi\u0301tme\u0301nyi tu\u030bzolto\u0301sa\u0301gokna\u0301l, az o\u0308nke\u0301ntes tu\u030bzolto\u0301 egyesu\u0308letekne\u0301l, valamint az ez ira\u0301nyu\u0301 szaka\u0301gazatokban foglalkoztatottak szakmai ke\u0301pesi\u0301te\u0301si ko\u0308vetelme\u0301nyeiro\u030bl e\u0301s szakmai ke\u0301pze\u0301seiro\u030bl. 7. \u00a7 (1) A gazda\u0301lkodo\u0301 szervezetekne\u0301l tu\u030bzve\u0301delmi szaka\u0301gazatban foglalkoztatottak ko\u0308zu\u0308l legala\u0301bb ko\u0308ze\u0301pszintu\u030b tu\u030bzve\u0301delmi szakke\u0301pesi\u0301te\u0301ssel rendelkezo\u030b szeme\u0301lyt minimum havi 8 o\u0301ra\u0301ban kell &hellip; <a href=\"https:\/\/arranosafety.com\/index.php\/tuzvedelem-2\/\" class=\"more-link\">Continue reading<span class=\"screen-reader-text\"> &#8220;T\u0171zv\u00e9delem&#8221;<\/span><\/a><\/p>\n","protected":false},"author":1,"featured_media":0,"parent":0,"menu_order":2,"comment_status":"closed","ping_status":"closed","template":"","meta":{"om_disable_all_campaigns":false,"_monsterinsights_skip_tracking":false,"_monsterinsights_sitenote_active":false,"_monsterinsights_sitenote_note":"","_monsterinsights_sitenote_category":0},"aioseo_notices":[],"_links":{"self":[{"href":"https:\/\/arranosafety.com\/index.php\/wp-json\/wp\/v2\/pages\/359"}],"collection":[{"href":"https:\/\/arranosafety.com\/index.php\/wp-json\/wp\/v2\/pages"}],"about":[{"href":"https:\/\/arranosafety.com\/index.php\/wp-json\/wp\/v2\/types\/page"}],"author":[{"embeddable":true,"href":"https:\/\/arranosafety.com\/index.php\/wp-json\/wp\/v2\/users\/1"}],"replies":[{"embeddable":true,"href":"https:\/\/arranosafety.com\/index.php\/wp-json\/wp\/v2\/comments?post=359"}],"version-history":[{"count":0,"href":"https:\/\/arranosafety.com\/index.php\/wp-json\/wp\/v2\/pages\/359\/revisions"}],"wp:attachment":[{"href":"https:\/\/arranosafety.com\/index.php\/wp-json\/wp\/v2\/media?parent=359"}],"curies":[{"name":"wp","href":"https:\/\/api.w.org\/{rel}","templated":true}]}}