{"id":360,"date":"2022-10-03T09:32:31","date_gmt":"2022-10-03T09:32:31","guid":{"rendered":"https:\/\/arranosafety.com\/index.php\/kornyezetvedelem-2\/"},"modified":"2022-10-03T09:32:36","modified_gmt":"2022-10-03T09:32:36","slug":"kornyezetvedelem-2","status":"publish","type":"page","link":"https:\/\/arranosafety.com\/index.php\/kornyezetvedelem-2\/","title":{"rendered":"K\u00f6rnyezetv\u00e9delem"},"content":{"rendered":"\n  \n    <section class=\"u-align-center u-clearfix u-image u-shading u-section-1\" data-image-width=\"853\" data-image-height=\"480\" id=\"sec-5c68\" style=\"background-image: linear-gradient(0deg, rgba(0, 0, 0, 0.5), rgba(0, 0, 0, 0.5)), url(&quot;http:\/\/arranosafety.com\/wp-content\/uploads\/2022\/10\/kornyezet.webp?rand=9c5d&quot;);\">\n      <div class=\"u-align-left u-clearfix u-sheet u-valign-middle u-sheet-1\">\n        <h1 class=\"u-text u-text-default u-text-1\" data-lang-en=\"K\u00f6rnyezetv\u00e9delem\">K\u00f6rnyezetv\u00e9delem<\/h1>\n      <\/div>\n    <\/section>\n    <section class=\"u-align-center u-clearfix u-grey-5 u-section-2\" id=\"sec-fe0e\">\n      <div class=\"u-clearfix u-sheet u-sheet-1\">\n        <div class=\"u-accordion u-spacing-10 u-accordion-1\">\n          <div class=\"u-accordion-item\">\n            <a class=\"active u-accordion-link u-active-palette-1-base u-button-style u-hover-palette-1-light-1 u-palette-1-light-1 u-radius-14 u-accordion-link-1\" id=\"link-accordion-a910\" data-lang-en=\"\n          <span class=&quot;u-accordion-link-text&quot;>K\u00f6rnyezetv\u00e9delmi adatszolg\u00e1ltat\u00e1sok<\/span><span class=&quot;u-accordion-link-icon u-icon u-icon-rectangle u-text-white u-icon-1&quot; style=&quot;height: 20px; width: 20px&quot;><svg class=&quot;u-svg-link&quot; preserveAspectRatio=&quot;xMidYMin slice&quot; viewBox=&quot;0 0 42 42&quot; style=&quot;&quot;><use xmlns:xlink=&quot;http:\/\/www.w3.org\/1999\/xlink&quot; xlink:href=&quot;#svg-9669&quot;><\/use><\/svg><svg xmlns=&quot;http:\/\/www.w3.org\/2000\/svg&quot; xmlns:xlink=&quot;http:\/\/www.w3.org\/1999\/xlink&quot; version=&quot;1.1&quot; xml:space=&quot;preserve&quot; class=&quot;u-svg-content&quot; viewBox=&quot;0 0 42 42&quot; x=&quot;0px&quot; y=&quot;0px&quot; id=&quot;svg-9669&quot; style=&quot;enable-background:new 0 0 42 42;&quot; data-color=&quot;rgb(153, 153, 153)&quot;><polygon points=&quot;42,20 22,20 22,0 20,0 20,20 0,20 0,22 20,22 20,42 22,42 22,22 42,22 &quot;><\/polygon><\/svg><\/span>\n        \">\n              <span class=\"u-accordion-link-text\">K\u00f6rnyezetv\u00e9delmi adatszolg\u00e1ltat\u00e1sok<\/span><span class=\"u-accordion-link-icon u-file-icon u-icon u-text-white u-icon-1\"><img src=\"http:\/\/arranosafety.com\/wp-content\/uploads\/2022\/10\/576dfa1e.png\" alt=\"\"><\/span>\n            <\/a>\n            <div class=\"u-accordion-active u-accordion-pane u-container-style u-shape-rectangle u-accordion-pane-1\" id=\"accordion-a910\" aria-labelledby=\"link-accordion-a910\">\n              <div class=\"u-container-layout u-container-layout-1\">\n                <ul class=\"u-custom-font u-custom-list u-font-arial u-text u-text-1\">\n                  <li data-lang-en=\"\n                A felsz\u00edni v\u00edzkiv\u00e9telek \u00e9s a felsz\u00edn v\u00edzbe t\u00f6rt\u00e9n\u0151 v\u00edzbevezet\u00e9s\u00e9nek adatai (janu\u00e1r 31)\">\n                    <div class=\"u-list-icon\">\n                      <div xmlns=\"http:\/\/www.w3.org\/2000\/svg\" xmlns:xlink=\"http:\/\/www.w3.org\/1999\/xlink\" version=\"1.1\" xml:space=\"preserve\" class=\"u-svg-content\">\u2013<\/div>\n                    <\/div>A felsz\u00edni v\u00edzkiv\u00e9telek \u00e9s a felsz\u00edn v\u00edzbe t\u00f6rt\u00e9n\u0151 v\u00edzbevezet\u00e9s\u00e9nek adatai (janu\u00e1r 31)\n                  <\/li>\n                  <li data-lang-en=\"Keletkezett \u00e9s kezelt vesz\u00e9lyes \u00e9s nem vesz\u00e9lyes hullad\u00e9kokr\u00f3l (m\u00e1rcius 1)\">\n                    <div class=\"u-list-icon\">\n                      <div xmlns=\"http:\/\/www.w3.org\/2000\/svg\" xmlns:xlink=\"http:\/\/www.w3.org\/1999\/xlink\" version=\"1.1\" xml:space=\"preserve\" class=\"u-svg-content\">\u2013<\/div>\n                    <\/div>Keletkezett \u00e9s kezelt vesz\u00e9lyes \u00e9s nem vesz\u00e9lyes hullad\u00e9kokr\u00f3l (m\u00e1rcius 1)\n                  <\/li>\n                  <li data-lang-en=\"Nem vesz\u00e9lyes hullad\u00e9kok kezel\u00e9s\u00e9re t\u00f6rt\u00e9n\u0151 \u00e1tv\u00e9tele (t\u00e1rgynegyed\u00e9vet k\u00f6vet\u0151 8. munkanapig)\">\n                    <div class=\"u-list-icon\">\n                      <div xmlns=\"http:\/\/www.w3.org\/2000\/svg\" xmlns:xlink=\"http:\/\/www.w3.org\/1999\/xlink\" version=\"1.1\" xml:space=\"preserve\" class=\"u-svg-content\">\u2013<\/div>\n                    <\/div>Nem vesz\u00e9lyes hullad\u00e9kok kezel\u00e9s\u00e9re t\u00f6rt\u00e9n\u0151 \u00e1tv\u00e9tele (t\u00e1rgynegyed\u00e9vet k\u00f6vet\u0151 8. munkanapig)\n                  <\/li>\n                  <li data-lang-en=\"A helyhez k\u00f6t\u00f6tt l\u00e9gszennyez\u0151 forr\u00e1s kibocs\u00e1t\u00e1s eredm\u00e9nyeir\u0151l \u00e9ves \u0151sszefoglal\u00f3 jelent\u00e9s (m\u00e1rcius 31)\">\n                    <div class=\"u-list-icon\">\n                      <div xmlns=\"http:\/\/www.w3.org\/2000\/svg\" xmlns:xlink=\"http:\/\/www.w3.org\/1999\/xlink\" version=\"1.1\" xml:space=\"preserve\" class=\"u-svg-content\">\u2013<\/div>\n                    <\/div>A helyhez k\u00f6t\u00f6tt l\u00e9gszennyez\u0151 forr\u00e1s kibocs\u00e1t\u00e1s eredm\u00e9nyeir\u0151l \u00e9ves \u0151sszefoglal\u00f3 jelent\u00e9s (m\u00e1rcius 31)\n                  <\/li>\n                  <li data-lang-en=\"L\u00e9gszennyez\u00e9s m\u00e9rt\u00e9ke bejelent\u00e9s (m\u00e1rcius 31)\">\n                    <div class=\"u-list-icon\">\n                      <div xmlns=\"http:\/\/www.w3.org\/2000\/svg\" xmlns:xlink=\"http:\/\/www.w3.org\/1999\/xlink\" version=\"1.1\" xml:space=\"preserve\" class=\"u-svg-content\">\u2013<\/div>\n                    <\/div>L\u00e9gszennyez\u00e9s m\u00e9rt\u00e9ke bejelent\u00e9s (m\u00e1rcius 31)\n                  <\/li>\n                  <li data-lang-en=\"\n                \u00dcvegh\u00e1zhat\u00e1s\u00fa g\u00e1zok hiteles\u00edtett kibocs\u00e1t\u00e1si jelent\u00e9se (m\u00e1rcius 31)\">\n                    <div class=\"u-list-icon\">\n                      <div xmlns=\"http:\/\/www.w3.org\/2000\/svg\" xmlns:xlink=\"http:\/\/www.w3.org\/1999\/xlink\" version=\"1.1\" xml:space=\"preserve\" class=\"u-svg-content\">\u2013<\/div>\n                    <\/div>\u00dcvegh\u00e1zhat\u00e1s\u00fa g\u00e1zok hiteles\u00edtett kibocs\u00e1t\u00e1si jelent\u00e9se (m\u00e1rcius 31)\n                  <\/li>\n                  <li data-lang-en=\"V\u00edzfelhaszn\u00e1l\u00e1sok adatszolg\u00e1ltat\u00e1sa az IPONLINE rendszerben (\u00e1prilis 30)\">\n                    <div class=\"u-list-icon\">\n                      <div xmlns=\"http:\/\/www.w3.org\/2000\/svg\" xmlns:xlink=\"http:\/\/www.w3.org\/1999\/xlink\" version=\"1.1\" xml:space=\"preserve\" class=\"u-svg-content\">\u2013<\/div>\n                    <\/div>V\u00edzfelhaszn\u00e1l\u00e1sok adatszolg\u00e1ltat\u00e1sa az IPONLINE rendszerben (\u00e1prilis 30)\n                  <\/li>\n                  <li data-lang-en=\"V\u00edzk\u00e9szlet j\u00e1rul\u00e9k bevall\u00e1sok: A v\u00edzhaszn\u00e1l\u00f3 \u00e9s az \u00fczemi v\u00edzfogyaszt\u00f3 a v\u00edzk\u00e9szletj\u00e1rul\u00e9sot a t\u00e1rgynegyed\u00e9vet k\u00f6vet\u0151 15. napj\u00e1ig k\u00f6teles az illet\u00e9kes v\u00edz\u00fcgyi hat\u00f3s\u00e1g \u00e1ltal megjel\u00f6lt sz\u00e1m\u00e1ra befizetni.\">\n                    <div class=\"u-list-icon\">\n                      <div xmlns=\"http:\/\/www.w3.org\/2000\/svg\" xmlns:xlink=\"http:\/\/www.w3.org\/1999\/xlink\" version=\"1.1\" xml:space=\"preserve\" class=\"u-svg-content\">\u2013<\/div>\n                    <\/div>V\u00edzk\u00e9szlet j\u00e1rul\u00e9k bevall\u00e1sok: A v\u00edzhaszn\u00e1l\u00f3 \u00e9s az \u00fczemi v\u00edzfogyaszt\u00f3 a v\u00edzk\u00e9szletj\u00e1rul\u00e9sot a t\u00e1rgynegyed\u00e9vet k\u00f6vet\u0151 15. napj\u00e1ig k\u00f6teles az illet\u00e9kes v\u00edz\u00fcgyi hat\u00f3s\u00e1g \u00e1ltal megjel\u00f6lt sz\u00e1m\u00e1ra befizetni.\n                  <\/li>\n                  <li data-lang-en=\"\n                FAVI adatszolg\u00e1ltat\u00e1sok\">\n                    <div class=\"u-list-icon\">\n                      <div xmlns=\"http:\/\/www.w3.org\/2000\/svg\" xmlns:xlink=\"http:\/\/www.w3.org\/1999\/xlink\" version=\"1.1\" xml:space=\"preserve\" class=\"u-svg-content\">\u2013<\/div>\n                    <\/div>FAVI adatszolg\u00e1ltat\u00e1sok\n                  <\/li>\n                  <li data-lang-en=\"\n                Szennyv\u00edzkibocs\u00e1t\u00e1ssal kapcsolatos adatszolg\u00e1ltat\u00e1sok, \u00f6nellen\u0151rz\u00e9si terv\">\n                    <div class=\"u-list-icon\">\n                      <div xmlns=\"http:\/\/www.w3.org\/2000\/svg\" xmlns:xlink=\"http:\/\/www.w3.org\/1999\/xlink\" version=\"1.1\" xml:space=\"preserve\" class=\"u-svg-content\">\u2013<\/div>\n                    <\/div>Szennyv\u00edzkibocs\u00e1t\u00e1ssal kapcsolatos adatszolg\u00e1ltat\u00e1sok, \u00f6nellen\u0151rz\u00e9si terv\n                  <\/li>\n                  <li data-lang-en=\"Elektronikai berendez\u00e9sekkel kapcsolatos adatszolg\u00e1ltat\u00e1sok.\">\n                    <div class=\"u-list-icon\">\n                      <div xmlns=\"http:\/\/www.w3.org\/2000\/svg\" xmlns:xlink=\"http:\/\/www.w3.org\/1999\/xlink\" version=\"1.1\" xml:space=\"preserve\" class=\"u-svg-content\">\u2013<\/div>\n                    <\/div>Elektronikai berendez\u00e9sekkel kapcsolatos adatszolg\u00e1ltat\u00e1sok.\n                  <\/li>\n                  <li data-lang-en=\"K\u00f6rnyezetterhel\u00e9si d\u00edj sz\u00e1m\u00edt\u00e1sa\">\n                    <div class=\"u-list-icon\">\n                      <div xmlns=\"http:\/\/www.w3.org\/2000\/svg\" xmlns:xlink=\"http:\/\/www.w3.org\/1999\/xlink\" version=\"1.1\" xml:space=\"preserve\" class=\"u-svg-content\">\u2013<\/div>\n                    <\/div>K\u00f6rnyezetterhel\u00e9si d\u00edj sz\u00e1m\u00edt\u00e1sa\n                  <\/li>\n                <\/ul>\n              <\/div>\n            <\/div>\n          <\/div>\n          <div class=\"u-accordion-item\">\n            <a class=\"u-accordion-link u-active-palette-1-base u-button-style u-hover-palette-1-light-1 u-palette-1-light-1 u-radius-14 u-accordion-link-2\" id=\"link-e0cd\" data-lang-en=\"\n        <span class=&quot;u-accordion-link-text&quot;>K\u00f6rnyezetv\u00e9delmi szab\u00e1lyzatok<\/span>\n    <span class=&quot;u-accordion-link-icon u-icon u-icon-rectangle u-text-white u-icon-2&quot; style=&quot;height: 20px; width: 20px&quot;><svg class=&quot;u-svg-link&quot; preserveAspectRatio=&quot;xMidYMin slice&quot; viewBox=&quot;0 0 16 16&quot; style=&quot;&quot;><use xmlns:xlink=&quot;http:\/\/www.w3.org\/1999\/xlink&quot; xlink:href=&quot;#svg-c5b4&quot;><\/use><\/svg><svg xmlns=&quot;http:\/\/www.w3.org\/2000\/svg&quot; xmlns:xlink=&quot;http:\/\/www.w3.org\/1999\/xlink&quot; version=&quot;1.1&quot; xml:space=&quot;preserve&quot; class=&quot;u-svg-content&quot; viewBox=&quot;0 0 16 16&quot; x=&quot;0px&quot; y=&quot;0px&quot; id=&quot;svg-c5b4&quot; data-color=&quot;#000000&quot;><path d=&quot;M8,10.7L1.6,5.3c-0.4-0.4-1-0.4-1.3,0c-0.4,0.4-0.4,0.9,0,1.3l7.2,6.1c0.1,0.1,0.4,0.2,0.6,0.2s0.4-0.1,0.6-0.2l7.1-6\n\tc0.4-0.4,0.4-0.9,0-1.3c-0.4-0.4-1-0.4-1.3,0L8,10.7z&quot;><\/path><\/svg><\/span>\">\n              <span class=\"u-accordion-link-text\">K\u00f6rnyezetv\u00e9delmi szab\u00e1lyzatok<\/span><span class=\"u-accordion-link-icon u-file-icon u-icon u-text-white u-icon-2\"><img src=\"http:\/\/arranosafety.com\/wp-content\/uploads\/2022\/10\/576dfa1e.png\" alt=\"\"><\/span>\n            <\/a>\n            <div class=\"u-accordion-pane u-container-style u-shape-rectangle u-accordion-pane-2\" id=\"e0cd\" aria-labelledby=\"link-e0cd\">\n              <div class=\"u-container-layout u-container-layout-2\">\n                <ul class=\"u-custom-font u-custom-list u-font-arial u-text u-text-2\" data-animation-name=\"\" data-animation-duration=\"0\" data-animation-delay=\"0\" data-animation-direction=\"\">\n                  <li data-lang-en=\"\u200b\u2013 \u00dcvegh\u00e1zhat\u00e1s\u00fa g\u00e1zok nyomonk\u00f6vet\u00e9si terve\"> \u2013 \u00dcvegh\u00e1zhat\u00e1s\u00fa g\u00e1zok nyomonk\u00f6vet\u00e9si terve<\/li>\n                  <li data-lang-en=\"\u2013 Hullad\u00e9k t\u00e1rol\u00f3k, vesz\u00e9lyes hullad\u00e9k munkahelyi \u00e9s \u00fczemi gy\u0171jt\u0151hely \u00fczemeltet\u00e9si szam\u00e1lyzata\">\u2013 Hullad\u00e9k t\u00e1rol\u00f3k, vesz\u00e9lyes hullad\u00e9k munkahelyi \u00e9s \u00fczemi gy\u0171jt\u0151hely \u00fczemeltet\u00e9si szam\u00e1lyzata<br>\n                  <\/li>\n                  <li data-lang-en=\"\u2013 K\u00f6rnyezetk\u00f6zpont\u00fa ir\u00e1ny\u00edt\u00e1si rendszerrel kapcsolatos szab\u00e1lyok\">\u2013 K\u00f6rnyezetk\u00f6zpont\u00fa ir\u00e1ny\u00edt\u00e1si rendszerrel kapcsolatos szab\u00e1lyok<br>\n                  <\/li>\n                  <li data-lang-en=\"\u2013 K\u00f6rnyezetv\u00e9delmi kock\u00e1zat\u00e9rt\u00e9kel\u00e9s\">\u2013 K\u00f6rnyezetv\u00e9delmi kock\u00e1zat\u00e9rt\u00e9kel\u00e9s<br>\n                  <\/li>\n                <\/ul>\n              <\/div>\n            <\/div>\n          <\/div>\n          <div class=\"u-accordion-item\">\n            <a class=\"u-accordion-link u-active-palette-1-base u-button-style u-hover-palette-1-light-1 u-palette-1-light-1 u-radius-14 u-accordion-link-3\" id=\"link-faf2\" data-lang-en=\"\n        <span class=&quot;u-accordion-link-text&quot;>K\u00f6rnyezetv\u00e9delmi enged\u00e9lyeztet\u00e9sek<\/span>\n    <span class=&quot;u-accordion-link-icon u-icon u-icon-rectangle u-text-white u-icon-3&quot; style=&quot;height: 20px; width: 20px&quot;><svg class=&quot;u-svg-link&quot; preserveAspectRatio=&quot;xMidYMin slice&quot; viewBox=&quot;0 0 16 16&quot; style=&quot;&quot;><use xmlns:xlink=&quot;http:\/\/www.w3.org\/1999\/xlink&quot; xlink:href=&quot;#svg-c6ca&quot;><\/use><\/svg><svg xmlns=&quot;http:\/\/www.w3.org\/2000\/svg&quot; xmlns:xlink=&quot;http:\/\/www.w3.org\/1999\/xlink&quot; version=&quot;1.1&quot; xml:space=&quot;preserve&quot; class=&quot;u-svg-content&quot; viewBox=&quot;0 0 16 16&quot; x=&quot;0px&quot; y=&quot;0px&quot; id=&quot;svg-c6ca&quot; data-color=&quot;#000000&quot;><path d=&quot;M8,10.7L1.6,5.3c-0.4-0.4-1-0.4-1.3,0c-0.4,0.4-0.4,0.9,0,1.3l7.2,6.1c0.1,0.1,0.4,0.2,0.6,0.2s0.4-0.1,0.6-0.2l7.1-6\n\tc0.4-0.4,0.4-0.9,0-1.3c-0.4-0.4-1-0.4-1.3,0L8,10.7z&quot;><\/path><\/svg><\/span>\">\n              <span class=\"u-accordion-link-text\">K\u00f6rnyezetv\u00e9delmi enged\u00e9lyeztet\u00e9sek<\/span><span class=\"u-accordion-link-icon u-file-icon u-icon u-text-white u-icon-3\"><img src=\"http:\/\/arranosafety.com\/wp-content\/uploads\/2022\/10\/576dfa1e.png\" alt=\"\"><\/span>\n            <\/a>\n            <div class=\"u-accordion-pane u-container-style u-shape-rectangle u-accordion-pane-3\" id=\"faf2\" aria-labelledby=\"link-faf2\">\n              <div class=\"u-container-layout u-valign-top u-container-layout-3\">\n                <ul class=\"u-custom-font u-custom-list u-font-arial u-text u-text-3\" data-animation-name=\"\" data-animation-duration=\"0\" data-animation-delay=\"0\" data-animation-direction=\"\">\n                  <li data-lang-en=\"\u2013 K\u00f6rnyezetv\u00e9delmi enged\u00e9ly\">\u2013 K\u00f6rnyezetv\u00e9delmi enged\u00e9ly<br>\n                  <\/li>\n                  <li data-lang-en=\"\u2013 Egys\u00e9ges k\u00f6rnyezethaszn\u00e1lati enged\u00e9ly\">\u2013 Egys\u00e9ges k\u00f6rnyezethaszn\u00e1lati enged\u00e9ly<br>\n                  <\/li>\n                  <li data-lang-en=\"\u2013 Hullad\u00e9kgazd\u00e1lkod\u00e1si enged\u00e9lyek\">\u2013 Hullad\u00e9kgazd\u00e1lkod\u00e1si enged\u00e9lyek<br>\n                  <\/li>\n                  <li data-lang-en=\"\u2013 L\u00e9gszennyez\u0151 pont- \u00e9s diff\u00faz forr\u00e1s l\u00e9tes\u00edt\u00e9si \u00e9s \u00fczemeltet\u00e9si enged\u00e9lye\">\u2013 L\u00e9gszennyez\u0151 pont- \u00e9s diff\u00faz forr\u00e1s l\u00e9tes\u00edt\u00e9si \u00e9s \u00fczemeltet\u00e9si enged\u00e9lye<br>\n                  <\/li>\n                  <li data-lang-en=\"\u2013 V\u00edzjogi enged\u00e9lyek\">\u2013 V\u00edzjogi enged\u00e9lyek<br>\n                  <\/li>\n                  <li data-lang-en=\"\u2013 Szennyv\u00edz kibocs\u00e1t\u00e1si enged\u00e9ly\">\u2013 Szennyv\u00edz kibocs\u00e1t\u00e1si enged\u00e9ly<br>\n                  <\/li>\n                  <li data-lang-en=\"\u2013 Szennyez\u0151 anyag bevezet\u00e9si- \u00e9s elhelyez\u00e9si enged\u00e9ly\">\u2013 Szennyez\u0151 anyag bevezet\u00e9si- \u00e9s elhelyez\u00e9si enged\u00e9ly<br>\n                  <\/li>\n                  <li data-lang-en=\"\u2013 V\u00edzkiv\u00e9teli enged\u00e9ly&nbsp;\">\u2013 V\u00edzkiv\u00e9teli enged\u00e9ly&nbsp;<br>\n                  <\/li>\n                  <li data-lang-en=\"\u2013 \u00dcvegh\u00e1zhat\u00e1s\u00fa g\u00e1z kibocs\u00e1t\u00e1si enged\u00e9ly\">\u2013 \u00dcvegh\u00e1zhat\u00e1s\u00fa g\u00e1z kibocs\u00e1t\u00e1si enged\u00e9ly<br>\n                  <\/li>\n                  <li data-lang-en=\"\u2013 \u00dczemi k\u00e1relh\u00e1r\u00edt\u00e1si terv\">\u2013 \u00dczemi k\u00e1relh\u00e1r\u00edt\u00e1si terv<br>\n                  <\/li>\n                <\/ul>\n              <\/div>\n            <\/div>\n          <\/div>\n          <div class=\"u-accordion-item\">\n            <a class=\"u-accordion-link u-active-palette-1-base u-button-style u-hover-palette-1-light-1 u-palette-1-light-1 u-radius-14 u-accordion-link-4\" id=\"link-a324\" data-lang-en=\"\n        <span class=&quot;u-accordion-link-text&quot;>K\u00f6rnyezetv\u00e9delmi fel\u00fclvizsg\u00e1latok<\/span>\n    <span class=&quot;u-accordion-link-icon u-icon u-icon-rectangle u-text-white u-icon-4&quot; style=&quot;height: 20px; width: 20px&quot;><svg class=&quot;u-svg-link&quot; preserveAspectRatio=&quot;xMidYMin slice&quot; viewBox=&quot;0 0 16 16&quot; style=&quot;&quot;><use xmlns:xlink=&quot;http:\/\/www.w3.org\/1999\/xlink&quot; xlink:href=&quot;#svg-fd6b&quot;><\/use><\/svg><svg xmlns=&quot;http:\/\/www.w3.org\/2000\/svg&quot; xmlns:xlink=&quot;http:\/\/www.w3.org\/1999\/xlink&quot; version=&quot;1.1&quot; xml:space=&quot;preserve&quot; class=&quot;u-svg-content&quot; viewBox=&quot;0 0 16 16&quot; x=&quot;0px&quot; y=&quot;0px&quot; id=&quot;svg-fd6b&quot; data-color=&quot;#000000&quot;><path d=&quot;M8,10.7L1.6,5.3c-0.4-0.4-1-0.4-1.3,0c-0.4,0.4-0.4,0.9,0,1.3l7.2,6.1c0.1,0.1,0.4,0.2,0.6,0.2s0.4-0.1,0.6-0.2l7.1-6\n\tc0.4-0.4,0.4-0.9,0-1.3c-0.4-0.4-1-0.4-1.3,0L8,10.7z&quot;><\/path><\/svg><\/span>\">\n              <span class=\"u-accordion-link-text\">K\u00f6rnyezetv\u00e9delmi fel\u00fclvizsg\u00e1latok<\/span><span class=\"u-accordion-link-icon u-file-icon u-icon u-text-white u-icon-4\"><img src=\"http:\/\/arranosafety.com\/wp-content\/uploads\/2022\/10\/576dfa1e.png\" alt=\"\"><\/span>\n            <\/a>\n            <div class=\"u-accordion-pane u-container-style u-shape-rectangle u-accordion-pane-4\" id=\"a324\" aria-labelledby=\"link-a324\">\n              <div class=\"u-container-layout u-valign-middle u-container-layout-4\">\n                <p class=\"u-custom-font u-font-arial u-text u-text-default u-text-4\" data-lang-en=\"\u2013 El\u0151zetes vizsg\u00e1lat<br>\u2013 K\u00f6rnyezeti hat\u00e1svizsg\u00e1lat<br>\u2013 K\u00f6rnyezetv\u00e9delmi teljes\u00edtm\u00e9ny\u00e9rt\u00e9kel\u00e9s<br>\u2013 Teljes k\u00f6r\u0171 k\u00f6rnyezetv\u00e9delmi fel\u00fclvizsg\u00e1lat<br>\">\u2013 El\u0151zetes vizsg\u00e1lat<br>\u2013 K\u00f6rnyezeti hat\u00e1svizsg\u00e1lat<br>\u2013 K\u00f6rnyezetv\u00e9delmi teljes\u00edtm\u00e9ny\u00e9rt\u00e9kel\u00e9s<br>\u2013 Teljes k\u00f6r\u0171 k\u00f6rnyezetv\u00e9delmi fel\u00fclvizsg\u00e1lat<br>\n                <\/p>\n              <\/div>\n            <\/div>\n          <\/div>\n          <div class=\"u-accordion-item\">\n            <a class=\"u-accordion-link u-active-palette-1-base u-button-style u-hover-palette-1-light-1 u-palette-1-light-1 u-radius-14 u-accordion-link-5\" id=\"link-2453\" data-lang-en=\"\n        <span class=&quot;u-accordion-link-text&quot;>Karbonl\u00e1bnyom sz\u00e1m\u00edt\u00e1s<\/span>\n    <span class=&quot;u-accordion-link-icon u-icon u-icon-rectangle u-text-white u-icon-5&quot; style=&quot;height: 20px; width: 20px&quot;><svg class=&quot;u-svg-link&quot; preserveAspectRatio=&quot;xMidYMin slice&quot; viewBox=&quot;0 0 16 16&quot; style=&quot;&quot;><use xmlns:xlink=&quot;http:\/\/www.w3.org\/1999\/xlink&quot; xlink:href=&quot;#svg-7211&quot;><\/use><\/svg><svg xmlns=&quot;http:\/\/www.w3.org\/2000\/svg&quot; xmlns:xlink=&quot;http:\/\/www.w3.org\/1999\/xlink&quot; version=&quot;1.1&quot; xml:space=&quot;preserve&quot; class=&quot;u-svg-content&quot; viewBox=&quot;0 0 16 16&quot; x=&quot;0px&quot; y=&quot;0px&quot; id=&quot;svg-7211&quot; data-color=&quot;#000000&quot;><path d=&quot;M8,10.7L1.6,5.3c-0.4-0.4-1-0.4-1.3,0c-0.4,0.4-0.4,0.9,0,1.3l7.2,6.1c0.1,0.1,0.4,0.2,0.6,0.2s0.4-0.1,0.6-0.2l7.1-6\n\tc0.4-0.4,0.4-0.9,0-1.3c-0.4-0.4-1-0.4-1.3,0L8,10.7z&quot;><\/path><\/svg><\/span>\">\n              <span class=\"u-accordion-link-text\">Karbonl\u00e1bnyom sz\u00e1m\u00edt\u00e1s<\/span><span class=\"u-accordion-link-icon u-file-icon u-icon u-text-white u-icon-5\"><img src=\"http:\/\/arranosafety.com\/wp-content\/uploads\/2022\/10\/576dfa1e.png\" alt=\"\"><\/span>\n            <\/a>\n            <div class=\"u-accordion-pane u-container-style u-shape-rectangle u-accordion-pane-5\" id=\"2453\" aria-labelledby=\"link-2453\">\n              <div class=\"u-container-layout u-container-layout-5\"><\/div>\n            <\/div>\n          <\/div>\n        <\/div>\n      <\/div>\n    <\/section>\n    \n    \n    \n  \n","protected":false},"excerpt":{"rendered":"<p>K\u00f6rnyezetv\u00e9delem K\u00f6rnyezetv\u00e9delmi adatszolg\u00e1ltat\u00e1sok \u2013 A felsz\u00edni v\u00edzkiv\u00e9telek \u00e9s a felsz\u00edn v\u00edzbe t\u00f6rt\u00e9n\u0151 v\u00edzbevezet\u00e9s\u00e9nek adatai (janu\u00e1r 31) \u2013 Keletkezett \u00e9s kezelt vesz\u00e9lyes \u00e9s nem vesz\u00e9lyes hullad\u00e9kokr\u00f3l (m\u00e1rcius 1) \u2013 Nem vesz\u00e9lyes hullad\u00e9kok kezel\u00e9s\u00e9re t\u00f6rt\u00e9n\u0151 \u00e1tv\u00e9tele (t\u00e1rgynegyed\u00e9vet k\u00f6vet\u0151 8. munkanapig) \u2013 A helyhez k\u00f6t\u00f6tt l\u00e9gszennyez\u0151 forr\u00e1s kibocs\u00e1t\u00e1s eredm\u00e9nyeir\u0151l \u00e9ves \u0151sszefoglal\u00f3 jelent\u00e9s (m\u00e1rcius 31) \u2013 L\u00e9gszennyez\u00e9s m\u00e9rt\u00e9ke bejelent\u00e9s &hellip; <a href=\"https:\/\/arranosafety.com\/index.php\/kornyezetvedelem-2\/\" class=\"more-link\">Continue reading<span class=\"screen-reader-text\"> &#8220;K\u00f6rnyezetv\u00e9delem&#8221;<\/span><\/a><\/p>\n","protected":false},"author":1,"featured_media":0,"parent":0,"menu_order":3,"comment_status":"closed","ping_status":"closed","template":"","meta":{"om_disable_all_campaigns":false,"_monsterinsights_skip_tracking":false,"_monsterinsights_sitenote_active":false,"_monsterinsights_sitenote_note":"","_monsterinsights_sitenote_category":0},"aioseo_notices":[],"_links":{"self":[{"href":"https:\/\/arranosafety.com\/index.php\/wp-json\/wp\/v2\/pages\/360"}],"collection":[{"href":"https:\/\/arranosafety.com\/index.php\/wp-json\/wp\/v2\/pages"}],"about":[{"href":"https:\/\/arranosafety.com\/index.php\/wp-json\/wp\/v2\/types\/page"}],"author":[{"embeddable":true,"href":"https:\/\/arranosafety.com\/index.php\/wp-json\/wp\/v2\/users\/1"}],"replies":[{"embeddable":true,"href":"https:\/\/arranosafety.com\/index.php\/wp-json\/wp\/v2\/comments?post=360"}],"version-history":[{"count":0,"href":"https:\/\/arranosafety.com\/index.php\/wp-json\/wp\/v2\/pages\/360\/revisions"}],"wp:attachment":[{"href":"https:\/\/arranosafety.com\/index.php\/wp-json\/wp\/v2\/media?parent=360"}],"curies":[{"name":"wp","href":"https:\/\/api.w.org\/{rel}","templated":true}]}}