{"id":361,"date":"2022-10-03T09:32:32","date_gmt":"2022-10-03T09:32:32","guid":{"rendered":"https:\/\/arranosafety.com\/index.php\/adr-2\/"},"modified":"2022-10-03T09:32:36","modified_gmt":"2022-10-03T09:32:36","slug":"adr-2","status":"publish","type":"page","link":"https:\/\/arranosafety.com\/index.php\/adr-2\/","title":{"rendered":"ADR"},"content":{"rendered":"\n  \n    <section class=\"u-align-center u-clearfix u-section-1\" id=\"sec-7e10\">\n      <div class=\"u-clearfix u-sheet u-sheet-1\">\n        <h1 class=\"u-align-center u-custom-font u-font-arial u-text u-text-1\" data-lang-en=\"ADR\">Vesz\u00e9lyes \u00c1ruk K\u00f6z\u00fati sz\u00e1ll\u00edt\u00e1sa (ADR)<\/h1>\n        <div class=\"u-border-3 u-border-palette-1-base u-line u-line-horizontal u-line-1\"><\/div>\n        <p class=\"u-align-justify u-custom-font u-font-arial u-text u-text-2\" data-lang-en=\"\n<!--\n \/* Font Definitions *\/\n @font-face\n\t{font-family:&quot;Cambria Math&quot;;\n\tpanose-1:2 4 5 3 5 4 6 3 2 4;\n\tmso-font-charset:0;\n\tmso-generic-font-family:roman;\n\tmso-font-pitch:variable;\n\tmso-font-signature:-536870145 1107305727 0 0 415 0;}\n@font-face\n\t{font-family:Calibri;\n\tpanose-1:2 15 5 2 2 2 4 3 2 4;\n\tmso-font-charset:0;\n\tmso-generic-font-family:swiss;\n\tmso-font-pitch:variable;\n\tmso-font-signature:-536859905 -1073732485 9 0 511 0;}\n \/* Style Definitions *\/\n p.MsoNormal, li.MsoNormal, div.MsoNormal\n\t{mso-style-unhide:no;\n\tmso-style-qformat:yes;\n\tmso-style-parent:&quot;&quot;;\n\tmargin-top:0cm;\n\tmargin-right:0cm;\n\tmargin-bottom:8.0pt;\n\tmargin-left:0cm;\n\tline-height:107%;\n\tmso-pagination:widow-orphan;\n\tfont-size:10.0pt;\n\tmso-bidi-font-size:11.0pt;\n\tfont-family:&quot;Arial&quot;,sans-serif;\n\tmso-fareast-font-family:Calibri;\n\tmso-fareast-theme-font:minor-latin;\n\tmso-bidi-font-family:&quot;Times New Roman&quot;;\n\tmso-bidi-theme-font:minor-bidi;\n\tmso-ansi-language:EN-US;\n\tmso-fareast-language:EN-US;}\np.MsoListParagraph, li.MsoListParagraph, div.MsoListParagraph\n\t{mso-style-priority:34;\n\tmso-style-unhide:no;\n\tmso-style-qformat:yes;\n\tmargin-top:0cm;\n\tmargin-right:0cm;\n\tmargin-bottom:8.0pt;\n\tmargin-left:36.0pt;\n\tmso-add-space:auto;\n\tline-height:107%;\n\tmso-pagination:widow-orphan;\n\tfont-size:10.0pt;\n\tmso-bidi-font-size:11.0pt;\n\tfont-family:&quot;Arial&quot;,sans-serif;\n\tmso-fareast-font-family:Calibri;\n\tmso-fareast-theme-font:minor-latin;\n\tmso-bidi-font-family:&quot;Times New Roman&quot;;\n\tmso-bidi-theme-font:minor-bidi;\n\tmso-ansi-language:EN-US;\n\tmso-fareast-language:EN-US;}\np.MsoListParagraphCxSpFirst, li.MsoListParagraphCxSpFirst, div.MsoListParagraphCxSpFirst\n\t{mso-style-priority:34;\n\tmso-style-unhide:no;\n\tmso-style-qformat:yes;\n\tmso-style-type:export-only;\n\tmargin-top:0cm;\n\tmargin-right:0cm;\n\tmargin-bottom:0cm;\n\tmargin-left:36.0pt;\n\tmso-add-space:auto;\n\tline-height:107%;\n\tmso-pagination:widow-orphan;\n\tfont-size:10.0pt;\n\tmso-bidi-font-size:11.0pt;\n\tfont-family:&quot;Arial&quot;,sans-serif;\n\tmso-fareast-font-family:Calibri;\n\tmso-fareast-theme-font:minor-latin;\n\tmso-bidi-font-family:&quot;Times New Roman&quot;;\n\tmso-bidi-theme-font:minor-bidi;\n\tmso-ansi-language:EN-US;\n\tmso-fareast-language:EN-US;}\np.MsoListParagraphCxSpMiddle, li.MsoListParagraphCxSpMiddle, div.MsoListParagraphCxSpMiddle\n\t{mso-style-priority:34;\n\tmso-style-unhide:no;\n\tmso-style-qformat:yes;\n\tmso-style-type:export-only;\n\tmargin-top:0cm;\n\tmargin-right:0cm;\n\tmargin-bottom:0cm;\n\tmargin-left:36.0pt;\n\tmso-add-space:auto;\n\tline-height:107%;\n\tmso-pagination:widow-orphan;\n\tfont-size:10.0pt;\n\tmso-bidi-font-size:11.0pt;\n\tfont-family:&quot;Arial&quot;,sans-serif;\n\tmso-fareast-font-family:Calibri;\n\tmso-fareast-theme-font:minor-latin;\n\tmso-bidi-font-family:&quot;Times New Roman&quot;;\n\tmso-bidi-theme-font:minor-bidi;\n\tmso-ansi-language:EN-US;\n\tmso-fareast-language:EN-US;}\np.MsoListParagraphCxSpLast, li.MsoListParagraphCxSpLast, div.MsoListParagraphCxSpLast\n\t{mso-style-priority:34;\n\tmso-style-unhide:no;\n\tmso-style-qformat:yes;\n\tmso-style-type:export-only;\n\tmargin-top:0cm;\n\tmargin-right:0cm;\n\tmargin-bottom:8.0pt;\n\tmargin-left:36.0pt;\n\tmso-add-space:auto;\n\tline-height:107%;\n\tmso-pagination:widow-orphan;\n\tfont-size:10.0pt;\n\tmso-bidi-font-size:11.0pt;\n\tfont-family:&quot;Arial&quot;,sans-serif;\n\tmso-fareast-font-family:Calibri;\n\tmso-fareast-theme-font:minor-latin;\n\tmso-bidi-font-family:&quot;Times New Roman&quot;;\n\tmso-bidi-theme-font:minor-bidi;\n\tmso-ansi-language:EN-US;\n\tmso-fareast-language:EN-US;}\n.MsoChpDefault\n\t{mso-style-type:export-only;\n\tmso-default-props:yes;\n\tfont-size:10.0pt;\n\tmso-ansi-font-size:10.0pt;\n\tmso-bidi-font-size:11.0pt;\n\tfont-family:&quot;Arial&quot;,sans-serif;\n\tmso-ascii-font-family:Arial;\n\tmso-fareast-font-family:Calibri;\n\tmso-fareast-theme-font:minor-latin;\n\tmso-hansi-font-family:Arial;\n\tmso-bidi-font-family:&quot;Times New Roman&quot;;\n\tmso-bidi-theme-font:minor-bidi;\n\tmso-ansi-language:EN-US;\n\tmso-fareast-language:EN-US;}\n.MsoPapDefault\n\t{mso-style-type:export-only;\n\tmargin-bottom:8.0pt;\n\tline-height:107%;}\n@page WordSection1\n\t{size:612.0pt 792.0pt;\n\tmargin:70.85pt 70.85pt 70.85pt 70.85pt;\n\tmso-header-margin:35.4pt;\n\tmso-footer-margin:35.4pt;\n\tmso-paper-source:0;}\ndiv.WordSection1\n\t{page:WordSection1;}\n-->\nA vesz\u00e9lyes \u00e1ru sz\u00e1ll\u00edt\u00e1si biztons\u00e1gi\ntan\u00e1csad\u00f3r\u00f3l sz\u00f3l\u00f3 25\/2014. (IV. 30.) NFM rendelet az al\u00e1bbi rendelkez\u00e9st\nteszi:<br><br><span style=&quot;font-style: italic;&quot;>6. vesz\u00e9lyes \u00e1ru sz\u00e1ll\u00edt\u00e1ssal\nkapcsolatos tev\u00e9kenys\u00e9g: <\/span>vesz\u00e9lyes \u00e1ru nemzetk\u00f6zi vagy belf\u00f6ldi sz\u00e1ll\u00edt\u00e1sa,\nfuvaroz\u00e1sa vagy ahhoz kapcsol\u00f3d\u00f3 \u00e1ru felad\u00e1s, csomagol\u00e1s, berak\u00e1s, kirak\u00e1s,\nt\u00f6lt\u00e9s vagy \u00fcr\u00edt\u00e9s, f\u00fcggetlen\u00fcl att\u00f3l, hogy a v\u00e1llalkoz\u00e1s a saj\u00e1t nev\u00e9ben vagy\nmegb\u00edz\u00e1sb\u00f3l v\u00e9gzi a tev\u00e9kenys\u00e9get.&amp;nbsp;<br>Ha a v\u00e1llalkoz\u00e1s vesz\u00e9lyes \u00e1ru sz\u00e1ll\u00edt\u00e1ssal\nkapcsolatos tev\u00e9kenys\u00e9get v\u00e9gez \u00e9s ha nem \u00e9rv\u00e9nyesek r\u00e1 az ADR mentess\u00e9gek,\nvesz\u00e9lyes \u00e1ru sz\u00e1ll\u00edt\u00e1si biztons\u00e1gi tan\u00e1csad\u00f3t kell foglalkoztatnia.&amp;nbsp;<br>Az <span style=&quot;font-weight: 700;&quot;>Arrano Kft.<\/span> vesz\u00e9lyes \u00e1ru sz\u00e1ll\u00edt\u00e1ssal kapcsolatban\naz al\u00e1bbiakban tudja az \u00d6n v\u00e1llalkoz\u00e1s\u00e1t seg\u00edteni:&amp;nbsp;<br><br>-&amp;nbsp; ADR k\u00f6telezetts\u00e9g felm\u00e9r\u00e9se<br>-&amp;nbsp; Rendszeres \u00e9s alkalmi ADR\ntan\u00e1csad\u00e1s<br>-&amp;nbsp; ADR 1.3 fejezet szerinti\nk\u00e9pz\u00e9s<br>-&amp;nbsp; Vesz\u00e9lyes \u00e1ruk besorol\u00e1sa\n\"><!--\n \/* Font Definitions *\/\n @font-face\n\t{font-family:\"Cambria Math\";\n\tpanose-1:2 4 5 3 5 4 6 3 2 4;\n\tmso-font-charset:0;\n\tmso-generic-font-family:roman;\n\tmso-font-pitch:variable;\n\tmso-font-signature:-536870145 1107305727 0 0 415 0;}\n@font-face\n\t{font-family:Calibri;\n\tpanose-1:2 15 5 2 2 2 4 3 2 4;\n\tmso-font-charset:0;\n\tmso-generic-font-family:swiss;\n\tmso-font-pitch:variable;\n\tmso-font-signature:-536859905 -1073732485 9 0 511 0;}\n \/* Style Definitions *\/\n p.MsoNormal, li.MsoNormal, div.MsoNormal\n\t{mso-style-unhide:no;\n\tmso-style-qformat:yes;\n\tmso-style-parent:\"\";\n\tmargin-top:0cm;\n\tmargin-right:0cm;\n\tmargin-bottom:8.0pt;\n\tmargin-left:0cm;\n\tline-height:107%;\n\tmso-pagination:widow-orphan;\n\tfont-size:10.0pt;\n\tmso-bidi-font-size:11.0pt;\n\tfont-family:\"Arial\",sans-serif;\n\tmso-fareast-font-family:Calibri;\n\tmso-fareast-theme-font:minor-latin;\n\tmso-bidi-font-family:\"Times New Roman\";\n\tmso-bidi-theme-font:minor-bidi;\n\tmso-ansi-language:EN-US;\n\tmso-fareast-language:EN-US;}\np.MsoListParagraph, li.MsoListParagraph, div.MsoListParagraph\n\t{mso-style-priority:34;\n\tmso-style-unhide:no;\n\tmso-style-qformat:yes;\n\tmargin-top:0cm;\n\tmargin-right:0cm;\n\tmargin-bottom:8.0pt;\n\tmargin-left:36.0pt;\n\tmso-add-space:auto;\n\tline-height:107%;\n\tmso-pagination:widow-orphan;\n\tfont-size:10.0pt;\n\tmso-bidi-font-size:11.0pt;\n\tfont-family:\"Arial\",sans-serif;\n\tmso-fareast-font-family:Calibri;\n\tmso-fareast-theme-font:minor-latin;\n\tmso-bidi-font-family:\"Times New Roman\";\n\tmso-bidi-theme-font:minor-bidi;\n\tmso-ansi-language:EN-US;\n\tmso-fareast-language:EN-US;}\np.MsoListParagraphCxSpFirst, li.MsoListParagraphCxSpFirst, div.MsoListParagraphCxSpFirst\n\t{mso-style-priority:34;\n\tmso-style-unhide:no;\n\tmso-style-qformat:yes;\n\tmso-style-type:export-only;\n\tmargin-top:0cm;\n\tmargin-right:0cm;\n\tmargin-bottom:0cm;\n\tmargin-left:36.0pt;\n\tmso-add-space:auto;\n\tline-height:107%;\n\tmso-pagination:widow-orphan;\n\tfont-size:10.0pt;\n\tmso-bidi-font-size:11.0pt;\n\tfont-family:\"Arial\",sans-serif;\n\tmso-fareast-font-family:Calibri;\n\tmso-fareast-theme-font:minor-latin;\n\tmso-bidi-font-family:\"Times New Roman\";\n\tmso-bidi-theme-font:minor-bidi;\n\tmso-ansi-language:EN-US;\n\tmso-fareast-language:EN-US;}\np.MsoListParagraphCxSpMiddle, li.MsoListParagraphCxSpMiddle, div.MsoListParagraphCxSpMiddle\n\t{mso-style-priority:34;\n\tmso-style-unhide:no;\n\tmso-style-qformat:yes;\n\tmso-style-type:export-only;\n\tmargin-top:0cm;\n\tmargin-right:0cm;\n\tmargin-bottom:0cm;\n\tmargin-left:36.0pt;\n\tmso-add-space:auto;\n\tline-height:107%;\n\tmso-pagination:widow-orphan;\n\tfont-size:10.0pt;\n\tmso-bidi-font-size:11.0pt;\n\tfont-family:\"Arial\",sans-serif;\n\tmso-fareast-font-family:Calibri;\n\tmso-fareast-theme-font:minor-latin;\n\tmso-bidi-font-family:\"Times New Roman\";\n\tmso-bidi-theme-font:minor-bidi;\n\tmso-ansi-language:EN-US;\n\tmso-fareast-language:EN-US;}\np.MsoListParagraphCxSpLast, li.MsoListParagraphCxSpLast, div.MsoListParagraphCxSpLast\n\t{mso-style-priority:34;\n\tmso-style-unhide:no;\n\tmso-style-qformat:yes;\n\tmso-style-type:export-only;\n\tmargin-top:0cm;\n\tmargin-right:0cm;\n\tmargin-bottom:8.0pt;\n\tmargin-left:36.0pt;\n\tmso-add-space:auto;\n\tline-height:107%;\n\tmso-pagination:widow-orphan;\n\tfont-size:10.0pt;\n\tmso-bidi-font-size:11.0pt;\n\tfont-family:\"Arial\",sans-serif;\n\tmso-fareast-font-family:Calibri;\n\tmso-fareast-theme-font:minor-latin;\n\tmso-bidi-font-family:\"Times New Roman\";\n\tmso-bidi-theme-font:minor-bidi;\n\tmso-ansi-language:EN-US;\n\tmso-fareast-language:EN-US;}\n.MsoChpDefault\n\t{mso-style-type:export-only;\n\tmso-default-props:yes;\n\tfont-size:10.0pt;\n\tmso-ansi-font-size:10.0pt;\n\tmso-bidi-font-size:11.0pt;\n\tfont-family:\"Arial\",sans-serif;\n\tmso-ascii-font-family:Arial;\n\tmso-fareast-font-family:Calibri;\n\tmso-fareast-theme-font:minor-latin;\n\tmso-hansi-font-family:Arial;\n\tmso-bidi-font-family:\"Times New Roman\";\n\tmso-bidi-theme-font:minor-bidi;\n\tmso-ansi-language:EN-US;\n\tmso-fareast-language:EN-US;}\n.MsoPapDefault\n\t{mso-style-type:export-only;\n\tmargin-bottom:8.0pt;\n\tline-height:107%;}\n@page WordSection1\n\t{size:612.0pt 792.0pt;\n\tmargin:70.85pt 70.85pt 70.85pt 70.85pt;\n\tmso-header-margin:35.4pt;\n\tmso-footer-margin:35.4pt;\n\tmso-paper-source:0;}\ndiv.WordSection1\n\t{page:WordSection1;}\n-->\n          <span style=\"font-style: normal;\"> A vesz\u00e9lyes \u00e1ru sz\u00e1ll\u00edt\u00e1si biztons\u00e1gi\ntan\u00e1csad\u00f3r\u00f3l sz\u00f3l\u00f3 25\/2014. (IV. 30.) NFM rendelet az al\u00e1bbi rendelkez\u00e9st\nteszi:<br>\n            <br>\n            <span style=\"font-style: italic;\">6. vesz\u00e9lyes \u00e1ru sz\u00e1ll\u00edt\u00e1ssal\nkapcsolatos tev\u00e9kenys\u00e9g: <\/span>vesz\u00e9lyes \u00e1ru nemzetk\u00f6zi vagy belf\u00f6ldi sz\u00e1ll\u00edt\u00e1sa,\nfuvaroz\u00e1sa vagy ahhoz kapcsol\u00f3d\u00f3 \u00e1ru felad\u00e1s, csomagol\u00e1s, berak\u00e1s, kirak\u00e1s,\nt\u00f6lt\u00e9s vagy \u00fcr\u00edt\u00e9s, f\u00fcggetlen\u00fcl att\u00f3l, hogy a v\u00e1llalkoz\u00e1s a saj\u00e1t nev\u00e9ben vagy\nmegb\u00edz\u00e1sb\u00f3l v\u00e9gzi a tev\u00e9kenys\u00e9get.&nbsp;<br>Ha a v\u00e1llalkoz\u00e1s vesz\u00e9lyes \u00e1ru sz\u00e1ll\u00edt\u00e1ssal\nkapcsolatos tev\u00e9kenys\u00e9get v\u00e9gez \u00e9s ha nem \u00e9rv\u00e9nyesek r\u00e1 az ADR mentess\u00e9gek,\nvesz\u00e9lyes \u00e1ru sz\u00e1ll\u00edt\u00e1si biztons\u00e1gi tan\u00e1csad\u00f3t kell foglalkoztatnia.&nbsp;<br>Az <span style=\"font-weight: 700;\">Arrano Kft.<\/span> vesz\u00e9lyes \u00e1ru sz\u00e1ll\u00edt\u00e1ssal kapcsolatban\naz al\u00e1bbiakban <span style=\"font-weight: 700;\">tudja az \u00d6n v\u00e1llalkoz\u00e1s\u00e1t seg\u00edteni:&nbsp;<\/span>\n            <br>\n          <\/span>\n          <br>-&nbsp; ADR k\u00f6telezetts\u00e9g felm\u00e9r\u00e9se<br>-&nbsp; Rendszeres \u00e9s alkalmi ADR\ntan\u00e1csad\u00e1s<br>-&nbsp; ADR 1.3 fejezet szerinti\nk\u00e9pz\u00e9s<br>-&nbsp; Vesz\u00e9lyes \u00e1ruk besorol\u00e1sa \n        <\/p>\n        <div class=\"u-border-3 u-border-palette-1-base u-line u-line-horizontal u-line-2\"><\/div>\n      <\/div>\n    <\/section>\n    \n    \n    \n  \n","protected":false},"excerpt":{"rendered":"<p>Vesz\u00e9lyes \u00c1ruk K\u00f6z\u00fati sz\u00e1ll\u00edt\u00e1sa (ADR)<\/p>\n","protected":false},"author":1,"featured_media":0,"parent":0,"menu_order":4,"comment_status":"closed","ping_status":"closed","template":"","meta":{"om_disable_all_campaigns":false,"_monsterinsights_skip_tracking":false,"_monsterinsights_sitenote_active":false,"_monsterinsights_sitenote_note":"","_monsterinsights_sitenote_category":0},"aioseo_notices":[],"_links":{"self":[{"href":"https:\/\/arranosafety.com\/index.php\/wp-json\/wp\/v2\/pages\/361"}],"collection":[{"href":"https:\/\/arranosafety.com\/index.php\/wp-json\/wp\/v2\/pages"}],"about":[{"href":"https:\/\/arranosafety.com\/index.php\/wp-json\/wp\/v2\/types\/page"}],"author":[{"embeddable":true,"href":"https:\/\/arranosafety.com\/index.php\/wp-json\/wp\/v2\/users\/1"}],"replies":[{"embeddable":true,"href":"https:\/\/arranosafety.com\/index.php\/wp-json\/wp\/v2\/comments?post=361"}],"version-history":[{"count":0,"href":"https:\/\/arranosafety.com\/index.php\/wp-json\/wp\/v2\/pages\/361\/revisions"}],"wp:attachment":[{"href":"https:\/\/arranosafety.com\/index.php\/wp-json\/wp\/v2\/media?parent=361"}],"curies":[{"name":"wp","href":"https:\/\/api.w.org\/{rel}","templated":true}]}}