{"id":364,"date":"2022-10-03T09:32:35","date_gmt":"2022-10-03T09:32:35","guid":{"rendered":"https:\/\/arranosafety.com\/index.php\/fooldal-3\/"},"modified":"2022-10-03T09:32:36","modified_gmt":"2022-10-03T09:32:36","slug":"fooldal-3","status":"publish","type":"page","link":"https:\/\/arranosafety.com\/index.php\/fooldal-3\/","title":{"rendered":"F\u0151oldal"},"content":{"rendered":"\n  \n    <section class=\"u-align-center u-clearfix u-section-1\" id=\"sec-f036\">\n      <div class=\"u-clearfix u-sheet u-sheet-1\">\n        <h1 class=\"u-text u-text-default u-title u-text-1\">Kedves L\u00e1togat\u00f3nk!<\/h1>\n        <h2 class=\"u-subtitle u-text u-text-2\">\u00dcdv\u00f6z\u00f6lj\u00fck az Arrano Kft. honlapj\u00e1n!<\/h2>\n        <div class=\"u-expanded-width u-gallery u-layout-grid u-lightbox u-show-text-on-hover u-gallery-1\">\n          <div class=\"u-gallery-inner u-gallery-inner-1\">\n            <div class=\"u-effect-fade u-gallery-item\">\n              <div class=\"u-back-slide\" data-image-width=\"853\" data-image-height=\"480\">\n                <img class=\"u-back-image u-expanded\" src=\"http:\/\/arranosafety.com\/wp-content\/uploads\/2022\/10\/IMG_2487.jpg\">\n              <\/div>\n              <div class=\"u-over-slide u-shading u-over-slide-1\">\n                <h3 class=\"u-gallery-heading\"><\/h3>\n                <p class=\"u-gallery-text\"><\/p>\n              <\/div>\n            <\/div>\n            <div class=\"u-effect-fade u-gallery-item\">\n              <div class=\"u-back-slide\" data-image-width=\"720\" data-image-height=\"480\">\n                <img class=\"u-back-image u-expanded\" src=\"http:\/\/arranosafety.com\/wp-content\/uploads\/2022\/10\/IMG_2486.jpg\">\n              <\/div>\n              <div class=\"u-over-slide u-shading u-over-slide-2\">\n                <h3 class=\"u-gallery-heading\"><\/h3>\n                <p class=\"u-gallery-text\"><\/p>\n              <\/div>\n            <\/div>\n            <div class=\"u-effect-fade u-gallery-item\">\n              <div class=\"u-back-slide\" data-image-width=\"720\" data-image-height=\"480\">\n                <img class=\"u-back-image u-expanded\" src=\"http:\/\/arranosafety.com\/wp-content\/uploads\/2022\/10\/IMG_2483.jpg\">\n              <\/div>\n              <div class=\"u-over-slide u-shading u-over-slide-3\">\n                <h3 class=\"u-gallery-heading\"><\/h3>\n                <p class=\"u-gallery-text\"><\/p>\n              <\/div>\n            <\/div>\n          <\/div>\n        <\/div>\n      <\/div>\n    <\/section>\n    <section class=\"u-align-center u-clearfix u-section-2\" id=\"sec-d19d\">\n      <div class=\"u-clearfix u-sheet u-valign-middle u-sheet-1\">\n        <h6 class=\"u-align-justify u-text u-text-default u-text-1\"> C\u00e9g\u00fcnk n\u00e9vv\u00e1laszt\u00e1sa a munk\u00e1val kapcsolatos filoz\u00f3fi\u00e1nkat t\u00fckr\u00f6zi. A sas, azaz baszk nyelven <span style=\"font-weight: 700;\">,,arrano\" <\/span>\u00e9les l\u00e1t\u00e1s\u00e1t pr\u00f3b\u00e1ljuk meg tev\u00e9kenys\u00e9g\u00fcnk minden ter\u00fclet\u00e9n alkalmazni. L\u00e1t\u00f3sz\u00f6g\u00fcnket a biztons\u00e1gtechnika tudom\u00e1nyter\u00fclet\u00e9nek minden szeglet\u00e9re kiterjesztj\u00fck.<br>\n          <br>\n          <span style=\"font-weight: 700;\">Teljes k\u00f6r\u0171 munkav\u00e9delmi, ATEX, t\u0171zv\u00e9delmi \u00e9s k\u00f6rnyezetv\u00e9delmi szolg\u00e1ltat\u00e1st tudunk c\u00e9g\u00e9nek, egy\u00e9ni v\u00e1llalkoz\u00e1s\u00e1nak ny\u00fajtani.<\/span> Szem\u00f6nk el\u0151l a hi\u00e1nyoss\u00e1gok nem maradnak rejtve. Haszn\u00e1lja ki sz\u00e9lesk\u00f6r\u0171 ismereteinket \u00e9s tapasztalatunkat. Hisz\u00fcnk abban, hogy a munka- \u00e9s k\u00f6rnyezeti biztons\u00e1g nem sz\u00fcks\u00e9gszer\u0171en csak felesleges p\u00e9nznyel\u0151, hanem hozz\u00e1adott \u00e9rt\u00e9k is lehet. A kis c\u00e9gekn\u00e9l mindenk\u00e9pp, de sokszor a nagyobbakn\u00e1l is jellemz\u0151 a csal\u00e1dias \u00f6sszetart\u00f3 k\u00f6z\u00f6ss\u00e9g. Nem ritk\u00e1n c\u00e9gvezet\u0151k csal\u00e1dtagjai is dolgoznak a v\u00e1llalkoz\u00e1sn\u00e1l. A biztons\u00e1g szerepe emiatt m\u00e9g ink\u00e1bb fel\u00e9rt\u00e9kel\u0151dik. Egy esetleges baleset k\u00e1ros a munkav\u00e1llal\u00f3ra, mert bev\u00e9telkies\u00e9st jelent, sz\u00e9ls\u0151s\u00e9ges esetben pedig- egy maradand\u00f3 s\u00e9r\u00fcl\u00e9s eset\u00e9n- ak\u00e1r a munkak\u00e9pess\u00e9g cs\u00f6kken\u00e9s\u00e9hez is vezethet. K\u00e1ros ugyanakkor a munk\u00e1ltat\u00f3kra is az egy\u00e9szs\u00e9g\u00fcgyi ell\u00e1t\u00e1s finansz\u00edroz\u00e1sa, a termel\u00e9skies\u00e9sb\u0151l fakad\u00f3 probl\u00e9m\u00e1k, hat\u00e1rid\u0151kb\u0151l val\u00f3 kics\u00fasz\u00e1s \u00e9s persze a nem k\u00edv\u00e1natos h\u00edrver\u00e9s \u00e9s preszt\u00edzvesztes\u00e9g miatt is.&nbsp;<br>\n          <br>Ha minket v\u00e1laszt, a biztons\u00e1gtechnik\u00e1t j\u00f3 kezekben tudhatja.<span style=\"font-weight: 700;\"> K\u00e9rdezzen b\u00e1tran! Tegyen minket pr\u00f3b\u00e1ra, k\u00e9rje aj\u00e1nlatunkat szolg\u00e1ltat\u00e1saink sz\u00e9les k\u00f6r\u00e9ben!<\/span>\n        <\/h6>\n      <\/div>\n    <\/section>\n    <section class=\"u-clearfix u-section-3\" id=\"sec-0053\">\n      <div class=\"u-clearfix u-sheet u-sheet-1\">\n        <div class=\"u-list u-list-1\">\n          <div class=\"u-repeater u-repeater-1\">\n            <div class=\"u-container-style u-list-item u-repeater-item\">\n              <div class=\"u-container-layout u-similar-container u-container-layout-1\">\n                <img alt=\"\" class=\"u-image u-image-default u-image-1\" data-image-width=\"2448\" data-image-height=\"2448\" src=\"http:\/\/arranosafety.com\/wp-content\/uploads\/2022\/10\/IMG_00712.jpg\">\n                <h5 class=\"u-align-center u-text u-text-1\" data-lang-en=\"Simonn\u00e9 Virsinger M\u00f3nika\">Simonn\u00e9 Virsinger M\u00f3nika<\/h5>\n                <p class=\"u-align-center u-text u-text-2\" data-lang-en=\"\u00fcgyvezet\u0151\">\u00fcgyvezet\u0151<\/p>\n              <\/div>\n            <\/div>\n            <div class=\"u-align-center u-container-style u-list-item u-repeater-item\">\n              <div class=\"u-container-layout u-similar-container u-container-layout-2\">\n                <img alt=\"\" class=\"u-image u-image-default u-image-2\" data-image-width=\"1281\" data-image-height=\"1920\" src=\"http:\/\/arranosafety.com\/wp-content\/uploads\/2022\/10\/MISKOLCI4.jpg\">\n                <h5 class=\"u-align-center u-text u-text-3\" data-lang-en=\"Miskolci Bal\u00e1zs\">Miskolci Bal\u00e1zs<\/h5>\n                <p class=\"u-align-center u-text u-text-4\" data-lang-en=\"\u00fcgyvezet\u0151\">\u00fcgyvezet\u0151<\/p>\n              <\/div>\n            <\/div>\n          <\/div>\n        <\/div>\n      <\/div>\n    <\/section>\n    \n    \n    \n  \n","protected":false},"excerpt":{"rendered":"<p>Kedves L\u00e1togat\u00f3nk! \u00dcdv\u00f6z\u00f6lj\u00fck az Arrano Kft. honlapj\u00e1n! C\u00e9g\u00fcnk n\u00e9vv\u00e1laszt\u00e1sa a munk\u00e1val kapcsolatos filoz\u00f3fi\u00e1nkat t\u00fckr\u00f6zi. A sas, azaz baszk nyelven ,,arrano&#8221; \u00e9les l\u00e1t\u00e1s\u00e1t pr\u00f3b\u00e1ljuk meg tev\u00e9kenys\u00e9g\u00fcnk minden ter\u00fclet\u00e9n alkalmazni. L\u00e1t\u00f3sz\u00f6g\u00fcnket a biztons\u00e1gtechnika tudom\u00e1nyter\u00fclet\u00e9nek minden szeglet\u00e9re kiterjesztj\u00fck. Teljes k\u00f6r\u0171 munkav\u00e9delmi, ATEX, t\u0171zv\u00e9delmi \u00e9s k\u00f6rnyezetv\u00e9delmi szolg\u00e1ltat\u00e1st tudunk c\u00e9g\u00e9nek, egy\u00e9ni v\u00e1llalkoz\u00e1s\u00e1nak ny\u00fajtani. Szem\u00f6nk el\u0151l a hi\u00e1nyoss\u00e1gok nem maradnak rejtve. &hellip; <a href=\"https:\/\/arranosafety.com\/index.php\/fooldal-3\/\" class=\"more-link\">Continue reading<span class=\"screen-reader-text\"> &#8220;F\u0151oldal&#8221;<\/span><\/a><\/p>\n","protected":false},"author":1,"featured_media":0,"parent":0,"menu_order":7,"comment_status":"closed","ping_status":"closed","template":"","meta":{"om_disable_all_campaigns":false,"_monsterinsights_skip_tracking":false,"_monsterinsights_sitenote_active":false,"_monsterinsights_sitenote_note":"","_monsterinsights_sitenote_category":0},"aioseo_notices":[],"_links":{"self":[{"href":"https:\/\/arranosafety.com\/index.php\/wp-json\/wp\/v2\/pages\/364"}],"collection":[{"href":"https:\/\/arranosafety.com\/index.php\/wp-json\/wp\/v2\/pages"}],"about":[{"href":"https:\/\/arranosafety.com\/index.php\/wp-json\/wp\/v2\/types\/page"}],"author":[{"embeddable":true,"href":"https:\/\/arranosafety.com\/index.php\/wp-json\/wp\/v2\/users\/1"}],"replies":[{"embeddable":true,"href":"https:\/\/arranosafety.com\/index.php\/wp-json\/wp\/v2\/comments?post=364"}],"version-history":[{"count":0,"href":"https:\/\/arranosafety.com\/index.php\/wp-json\/wp\/v2\/pages\/364\/revisions"}],"wp:attachment":[{"href":"https:\/\/arranosafety.com\/index.php\/wp-json\/wp\/v2\/media?parent=364"}],"curies":[{"name":"wp","href":"https:\/\/api.w.org\/{rel}","templated":true}]}}